{"id":2220,"date":"2025-04-08T17:37:56","date_gmt":"2025-04-08T17:37:56","guid":{"rendered":"https:\/\/wolvify.com\/sim\/"},"modified":"2025-11-27T10:26:43","modified_gmt":"2025-11-27T10:26:43","slug":"sim","status":"publish","type":"page","link":"https:\/\/wolvify.com\/ca\/sim\/","title":{"rendered":"SIM"},"content":{"rendered":"<p><div class=\"fusion-fullwidth fullwidth-box fusion-builder-row-1 fusion-flex-container nonhundred-percent-fullwidth non-hundred-percent-height-scrolling\" style=\"--awb-background-position:center bottom;--awb-border-sizes-top:0px;--awb-border-sizes-bottom:0px;--awb-border-sizes-left:0px;--awb-border-sizes-right:0px;--awb-border-radius-top-left:0px;--awb-border-radius-top-right:0px;--awb-border-radius-bottom-right:0px;--awb-border-radius-bottom-left:0px;--awb-padding-top:150px;--awb-padding-bottom:160px;--awb-padding-top-medium:110px;--awb-padding-bottom-medium:110px;--awb-background-color:var(--awb-color2);--awb-flex-wrap:wrap;\" ><div class=\"fusion-builder-row fusion-row fusion-flex-align-items-flex-start fusion-flex-content-wrap\" style=\"max-width:1216.8px;margin-left: calc(-4% \/ 2 );margin-right: calc(-4% \/ 2 );\"><div class=\"fusion-layout-column fusion_builder_column fusion-builder-column-0 fusion_builder_column_1_1 1_1 fusion-flex-column fusion-flex-align-self-flex-start fusion-column-no-min-height\" style=\"--awb-bg-blend:overlay;--awb-bg-size:cover;--awb-width-large:100%;--awb-margin-top-large:0px;--awb-spacing-right-large:1.92%;--awb-margin-bottom-large:40px;--awb-spacing-left-large:1.92%;--awb-width-medium:100%;--awb-spacing-right-medium:1.92%;--awb-margin-bottom-medium:20px;--awb-spacing-left-medium:1.92%;--awb-width-small:100%;--awb-spacing-right-small:1.92%;--awb-spacing-left-small:1.92%;\"><div class=\"fusion-column-wrapper fusion-flex-justify-content-flex-start fusion-content-layout-column\"><div class=\"fusion-text fusion-text-1\"><h2 class=\"title\" style=\"text-align: center;\">Bienvenido a Wolvify, ahora que has recibido tu nueva SIM de Wolvify debes activarla.<\/h2>\n<p class=\"title\" style=\"text-align: center;\">Elige una opci\u00f3n:<\/p>\n<\/div><\/div><\/div><div class=\"fusion-layout-column fusion_builder_column fusion-builder-column-1 fusion_builder_column_1_3 1_3 fusion-flex-column\" style=\"--awb-bg-blend:overlay;--awb-bg-size:cover;--awb-width-large:33.333333333333%;--awb-margin-top-large:0px;--awb-spacing-right-large:5.76%;--awb-margin-bottom-large:20px;--awb-spacing-left-large:5.76%;--awb-width-medium:100%;--awb-spacing-right-medium:1.92%;--awb-spacing-left-medium:1.92%;--awb-width-small:100%;--awb-spacing-right-small:1.92%;--awb-spacing-left-small:1.92%;\"><div class=\"fusion-column-wrapper fusion-flex-justify-content-flex-start fusion-content-layout-column\"><\/div><\/div><div class=\"fusion-layout-column fusion_builder_column fusion-builder-column-2 fusion_builder_column_1_3 1_3 fusion-flex-column\" style=\"--awb-bg-blend:overlay;--awb-bg-size:cover;--awb-width-large:33.333333333333%;--awb-margin-top-large:0px;--awb-spacing-right-large:5.76%;--awb-margin-bottom-large:20px;--awb-spacing-left-large:5.76%;--awb-width-medium:100%;--awb-spacing-right-medium:1.92%;--awb-spacing-left-medium:1.92%;--awb-width-small:100%;--awb-spacing-right-small:1.92%;--awb-spacing-left-small:1.92%;\"><div class=\"fusion-column-wrapper fusion-flex-justify-content-flex-start fusion-content-layout-column\"><div class=\"accordian fusion-accordian\" style=\"--awb-border-size:1px;--awb-icon-size:13px;--awb-content-font-size:14px;--awb-icon-alignment:left;--awb-hover-color:hsla(var(--awb-color8-h),var(--awb-color8-s),calc( var(--awb-color8-l) + 78% ),var(--awb-color8-a));--awb-border-color:hsla(var(--awb-color8-h),var(--awb-color8-s),calc( var(--awb-color8-l) + 60% ),var(--awb-color8-a));--awb-background-color:var(--awb-color1);--awb-divider-color:var(--awb-color3);--awb-divider-hover-color:var(--awb-color3);--awb-icon-color:var(--awb-color1);--awb-title-color:var(--awb-color6);--awb-content-color:var(--awb-color6);--awb-icon-box-color:var(--awb-color5);--awb-toggle-hover-accent-color:var(--awb-color5);--awb-title-font-family:&quot;Open Sans&quot;;--awb-title-font-weight:700;--awb-title-font-style:normal;--awb-title-font-size:17px;--awb-content-font-family:&quot;Open Sans&quot;;--awb-content-font-style:normal;--awb-content-font-weight:400;\"><div class=\"panel-group fusion-toggle-icon-boxed\" id=\"accordion-2220-1\"><div class=\"fusion-panel panel-default panel-0062ad27083fa093a fusion-toggle-no-divider\" style=\"--awb-title-color:var(--awb-color6);--awb-content-color:var(--awb-color6);\"><div class=\"panel-heading\"><h4 class=\"panel-title toggle\" id=\"toggle_0062ad27083fa093a\"><a aria-expanded=\"false\" aria-controls=\"0062ad27083fa093a\" role=\"button\" data-toggle=\"collapse\" data-parent=\"#accordion-2220-1\" data-target=\"#0062ad27083fa093a\" href=\"#0062ad27083fa093a\"><span class=\"fusion-toggle-icon-wrapper\" aria-hidden=\"true\"><i class=\"fa-fusion-box active-icon awb-icon-minus\" aria-hidden=\"true\"><\/i><i class=\"fa-fusion-box inactive-icon awb-icon-plus\" aria-hidden=\"true\"><\/i><\/span><span class=\"fusion-toggle-heading\">He portado mi n\u00famero m\u00f3vil actual a Wolvify<\/span><\/a><\/h4><\/div><div id=\"0062ad27083fa093a\" class=\"panel-collapse collapse \" aria-labelledby=\"toggle_0062ad27083fa093a\"><div class=\"panel-body toggle-content fusion-clearfix\">\n<ol class=\"steps\">\n<li>Como ya tienes tu SIM el servicio se activar\u00e1 en 48 horas, desde que firmaste el contrato. Para evitar que pierdas conexiones, <strong>te confirmaremos la fecha exacta en la que se completar\u00e1 el proceso.<\/strong><\/li>\n<li>Para que no te quedes sin red en ning\u00fan momento, la portabilidad se completar\u00e1 de madrugada a las 2AM y <strong>hasta entonces la SIM de tu actual operador seguir\u00e1 funcionando.<\/strong><\/li>\n<li>Cuando haya finalizado el proceso de las 48h, <strong>introduce tu nueva SIM en el m\u00f3vil y se activar\u00e1\u00a0<\/strong>autom\u00e1ticamente.<\/li>\n<li><strong>Si lo deseas, puedes hacer una llamada <\/strong>para comprobar que tu SIM ya est\u00e1 activa.<\/li>\n<\/ol>\n<div class=\"how\"><\/div>\n<\/div><\/div><\/div><div class=\"fusion-panel panel-default panel-7885e19687beaf950 fusion-toggle-no-divider\" style=\"--awb-title-color:var(--awb-color6);--awb-content-color:var(--awb-color6);\"><div class=\"panel-heading\"><h4 class=\"panel-title toggle\" id=\"toggle_7885e19687beaf950\"><a aria-expanded=\"false\" aria-controls=\"7885e19687beaf950\" role=\"button\" data-toggle=\"collapse\" data-parent=\"#accordion-2220-1\" data-target=\"#7885e19687beaf950\" href=\"#7885e19687beaf950\"><span class=\"fusion-toggle-icon-wrapper\" aria-hidden=\"true\"><i class=\"fa-fusion-box active-icon awb-icon-minus\" aria-hidden=\"true\"><\/i><i class=\"fa-fusion-box inactive-icon awb-icon-plus\" aria-hidden=\"true\"><\/i><\/span><span class=\"fusion-toggle-heading\">Tengo una SIM con un n\u00famero nuevo de Wolvify<\/span><\/a><\/h4><\/div><div id=\"7885e19687beaf950\" class=\"panel-collapse collapse \" aria-labelledby=\"toggle_7885e19687beaf950\"><div class=\"panel-body toggle-content fusion-clearfix\">\n<p class=\"subtitle text-left\">Sigue los siguientes pasos para activar tu nueva SIM:<\/p>\n<ol class=\"steps\">\n<li>Aseg\u00farate de que <strong>el m\u00f3vil que vas a utilizar es libre<\/strong>\u00a0y no est\u00e1 bloqueado por otro operador.<\/li>\n<li><strong>Introduce la SIM en el m\u00f3vil.<\/strong><\/li>\n<li><strong>Espera unos segundos<\/strong>\u00a0hasta que coja red.<\/li>\n<li><strong>Puedes hacer una llamada si lo deseas <\/strong>para comprobar que tu SIM ya est\u00e1 activa.<\/li>\n<\/ol>\n<p class=\"subtitle text-left\">En algunas ocasiones la activaci\u00f3n no se produce de forma inmediata, pero en los siguientes minutos deber\u00eda activarse. Si necesitas ayuda puedes contactarnos para agilizarlo.<\/p>\n<\/div><\/div><\/div><div class=\"fusion-panel panel-default panel-97949c58f5c1a7fb4 fusion-toggle-no-divider\" style=\"--awb-title-color:var(--awb-color6);--awb-content-color:var(--awb-color6);\"><div class=\"panel-heading\"><h4 class=\"panel-title toggle\" id=\"toggle_97949c58f5c1a7fb4\"><a aria-expanded=\"false\" aria-controls=\"97949c58f5c1a7fb4\" role=\"button\" data-toggle=\"collapse\" data-parent=\"#accordion-2220-1\" data-target=\"#97949c58f5c1a7fb4\" href=\"#97949c58f5c1a7fb4\"><span class=\"fusion-toggle-icon-wrapper\" aria-hidden=\"true\"><i class=\"fa-fusion-box active-icon awb-icon-minus\" aria-hidden=\"true\"><\/i><i class=\"fa-fusion-box inactive-icon awb-icon-plus\" aria-hidden=\"true\"><\/i><\/span><span class=\"fusion-toggle-heading\">He solicitado un duplicado<\/span><\/a><\/h4><\/div><div id=\"97949c58f5c1a7fb4\" class=\"panel-collapse collapse \" aria-labelledby=\"toggle_97949c58f5c1a7fb4\"><div class=\"panel-body toggle-content fusion-clearfix\">\n<div class=\"col-md-12\">\n<p class=\"subtitle text-left\">Una vez recibas tu SIM, puedes apagar tu tel\u00e9fono, y colocar la nueva SIM, ten en cuenta que el c\u00f3digo PIN ser\u00e1 diferente al que ten\u00edas, usa el de la targeta, y si lo deseas, posteriormente puedes cambiar el c\u00f3digo en los ajustes de configuraci\u00f3n de tu tarjeta SIM y poner tu c\u00f3digo de siempre. Guarda la tarjeta, en un lugar seguro por si en un futuro necesitas el c\u00f3digo PUK para desbloqueos, y aseg\u00farate de desechar la targeta con el c\u00f3digo PIN y PUK antiguo.<\/p>\n<\/div>\n<\/div><\/div><\/div><\/div><\/div><\/div><\/div><div class=\"fusion-layout-column fusion_builder_column fusion-builder-column-3 fusion_builder_column_1_3 1_3 fusion-flex-column\" style=\"--awb-bg-blend:overlay;--awb-bg-size:cover;--awb-width-large:33.333333333333%;--awb-margin-top-large:0px;--awb-spacing-right-large:5.76%;--awb-margin-bottom-large:20px;--awb-spacing-left-large:5.76%;--awb-width-medium:100%;--awb-spacing-right-medium:1.92%;--awb-spacing-left-medium:1.92%;--awb-width-small:100%;--awb-spacing-right-small:1.92%;--awb-spacing-left-small:1.92%;\"><div class=\"fusion-column-wrapper fusion-flex-justify-content-flex-start fusion-content-layout-column\"><\/div><\/div><\/div><\/div><div class=\"fusion-fullwidth fullwidth-box fusion-builder-row-2 fusion-flex-container has-pattern-background has-mask-background nonhundred-percent-fullwidth non-hundred-percent-height-scrolling\" style=\"--awb-background-position:center bottom;--awb-border-sizes-top:0px;--awb-border-sizes-bottom:0px;--awb-border-sizes-left:0px;--awb-border-sizes-right:0px;--awb-border-radius-top-left:0px;--awb-border-radius-top-right:0px;--awb-border-radius-bottom-right:0px;--awb-border-radius-bottom-left:0px;--awb-padding-top:150px;--awb-padding-bottom:180px;--awb-padding-top-medium:110px;--awb-padding-bottom-medium:130px;--awb-background-color:var(--awb-color7);--awb-flex-wrap:wrap;\" ><div class=\"fusion-builder-row fusion-row fusion-flex-align-items-flex-start fusion-flex-content-wrap\" style=\"max-width:calc( 1170px + 0px );margin-left: calc(-0px \/ 2 );margin-right: calc(-0px \/ 2 );\"><div class=\"fusion-layout-column fusion_builder_column fusion-builder-column-4 fusion_builder_column_1_1 1_1 fusion-flex-column fusion-flex-align-self-flex-start fusion-column-no-min-height\" style=\"--awb-bg-blend:overlay;--awb-bg-size:cover;--awb-width-large:100%;--awb-margin-top-large:0px;--awb-spacing-right-large:0px;--awb-margin-bottom-large:40px;--awb-spacing-left-large:0px;--awb-width-medium:100%;--awb-spacing-right-medium:0px;--awb-spacing-left-medium:0px;--awb-width-small:100%;--awb-spacing-right-small:0px;--awb-spacing-left-small:0px;\"><div class=\"fusion-column-wrapper fusion-flex-justify-content-flex-start fusion-content-layout-column\"><div class=\"fusion-text fusion-text-2\"><p style=\"text-align: center; font-size: 22px; line-height: 30px; color: var(--awb-color1);\">\u00bfTodav\u00eda no tienes Tu SIM?<\/p>\n<\/div><div style=\"text-align:center;\"><a class=\"fusion-button button-flat fusion-button-default-size button-default fusion-button-default button-1 fusion-button-default-span fusion-button-default-type\" target=\"_blank\" rel=\"noopener noreferrer\" href=\"https:\/\/api.whatsapp.com\/send?phone=34611998714\"><span class=\"fusion-button-text awb-button__text awb-button__text--default\">\u00a1C\u00f3mprala Ahora Online! <\/span><\/a><\/div><div class=\"fusion-text fusion-text-3\"><h3 style=\"text-align: center;\"><span style=\"color: #ffffff;\"><strong>Ahora ya tenemos disponible la eSIM Nacional. Podr\u00e1s elegir si prefieres recibir tu SIM f\u00edsica, o si quieres tu eSIM para recibirla el mismo d\u00eda.<\/strong><\/span><\/h3>\n<h3 style=\"text-align: center;\"><span style=\"color: #ffffff;\"><strong>Ambas Opciones Son Gratuitas.<\/strong><\/span><\/h3>\n<\/div><\/div><\/div><\/div><\/div><\/p>\n","protected":false},"excerpt":{"rendered":"","protected":false},"author":3,"featured_media":0,"parent":0,"menu_order":0,"comment_status":"closed","ping_status":"closed","template":"100-width.php","meta":{"footnotes":""},"class_list":["post-2220","page","type-page","status-publish","hentry"],"yoast_head":"<!-- This site is optimized with the Yoast SEO plugin v27.4 - https:\/\/yoast.com\/product\/yoast-seo-wordpress\/ -->\n<title>SIM - Wolvify<\/title>\n<meta name=\"robots\" content=\"index, follow, max-snippet:-1, max-image-preview:large, max-video-preview:-1\" \/>\n<link rel=\"canonical\" href=\"https:\/\/wolvify.com\/ca\/sim\/\" \/>\n<meta property=\"og:locale\" content=\"ca_ES\" \/>\n<meta property=\"og:type\" content=\"article\" \/>\n<meta property=\"og:title\" content=\"SIM - Wolvify\" \/>\n<meta property=\"og:url\" content=\"https:\/\/wolvify.com\/ca\/sim\/\" \/>\n<meta property=\"og:site_name\" content=\"Wolvify\" \/>\n<meta property=\"article:modified_time\" content=\"2025-11-27T10:26:43+00:00\" \/>\n<meta name=\"twitter:card\" content=\"summary_large_image\" \/>\n<meta name=\"twitter:label1\" content=\"Temps estimat de lectura\" \/>\n\t<meta name=\"twitter:data1\" content=\"11 minuts\" \/>\n<script type=\"application\/ld+json\" class=\"yoast-schema-graph\">{\"@context\":\"https:\\\/\\\/schema.org\",\"@graph\":[{\"@type\":\"WebPage\",\"@id\":\"https:\\\/\\\/wolvify.com\\\/ca\\\/sim\\\/\",\"url\":\"https:\\\/\\\/wolvify.com\\\/ca\\\/sim\\\/\",\"name\":\"SIM - Wolvify\",\"isPartOf\":{\"@id\":\"https:\\\/\\\/wolvify.com\\\/ca\\\/#website\"},\"datePublished\":\"2025-04-08T17:37:56+00:00\",\"dateModified\":\"2025-11-27T10:26:43+00:00\",\"breadcrumb\":{\"@id\":\"https:\\\/\\\/wolvify.com\\\/ca\\\/sim\\\/#breadcrumb\"},\"inLanguage\":\"ca\",\"potentialAction\":[{\"@type\":\"ReadAction\",\"target\":[\"https:\\\/\\\/wolvify.com\\\/ca\\\/sim\\\/\"]}]},{\"@type\":\"BreadcrumbList\",\"@id\":\"https:\\\/\\\/wolvify.com\\\/ca\\\/sim\\\/#breadcrumb\",\"itemListElement\":[{\"@type\":\"ListItem\",\"position\":1,\"name\":\"Portada\",\"item\":\"https:\\\/\\\/wolvify.com\\\/ca\\\/\"},{\"@type\":\"ListItem\",\"position\":2,\"name\":\"SIM\"}]},{\"@type\":\"WebSite\",\"@id\":\"https:\\\/\\\/wolvify.com\\\/ca\\\/#website\",\"url\":\"https:\\\/\\\/wolvify.com\\\/ca\\\/\",\"name\":\"Wolvify\",\"description\":\"Servicios de Fibra y M\u00f3vil para residentes locales y expats en Espa\u00f1a\",\"potentialAction\":[{\"@type\":\"SearchAction\",\"target\":{\"@type\":\"EntryPoint\",\"urlTemplate\":\"https:\\\/\\\/wolvify.com\\\/ca\\\/?s={search_term_string}\"},\"query-input\":{\"@type\":\"PropertyValueSpecification\",\"valueRequired\":true,\"valueName\":\"search_term_string\"}}],\"inLanguage\":\"ca\"}]}<\/script>\n<!-- \/ Yoast SEO plugin. -->","yoast_head_json":{"title":"SIM - Wolvify","robots":{"index":"index","follow":"follow","max-snippet":"max-snippet:-1","max-image-preview":"max-image-preview:large","max-video-preview":"max-video-preview:-1"},"canonical":"https:\/\/wolvify.com\/ca\/sim\/","og_locale":"ca_ES","og_type":"article","og_title":"SIM - Wolvify","og_url":"https:\/\/wolvify.com\/ca\/sim\/","og_site_name":"Wolvify","article_modified_time":"2025-11-27T10:26:43+00:00","twitter_card":"summary_large_image","twitter_misc":{"Temps estimat de lectura":"11 minuts"},"schema":{"@context":"https:\/\/schema.org","@graph":[{"@type":"WebPage","@id":"https:\/\/wolvify.com\/ca\/sim\/","url":"https:\/\/wolvify.com\/ca\/sim\/","name":"SIM - Wolvify","isPartOf":{"@id":"https:\/\/wolvify.com\/ca\/#website"},"datePublished":"2025-04-08T17:37:56+00:00","dateModified":"2025-11-27T10:26:43+00:00","breadcrumb":{"@id":"https:\/\/wolvify.com\/ca\/sim\/#breadcrumb"},"inLanguage":"ca","potentialAction":[{"@type":"ReadAction","target":["https:\/\/wolvify.com\/ca\/sim\/"]}]},{"@type":"BreadcrumbList","@id":"https:\/\/wolvify.com\/ca\/sim\/#breadcrumb","itemListElement":[{"@type":"ListItem","position":1,"name":"Portada","item":"https:\/\/wolvify.com\/ca\/"},{"@type":"ListItem","position":2,"name":"SIM"}]},{"@type":"WebSite","@id":"https:\/\/wolvify.com\/ca\/#website","url":"https:\/\/wolvify.com\/ca\/","name":"Wolvify","description":"Servicios de Fibra y M\u00f3vil para residentes locales y expats en Espa\u00f1a","potentialAction":[{"@type":"SearchAction","target":{"@type":"EntryPoint","urlTemplate":"https:\/\/wolvify.com\/ca\/?s={search_term_string}"},"query-input":{"@type":"PropertyValueSpecification","valueRequired":true,"valueName":"search_term_string"}}],"inLanguage":"ca"}]}},"_links":{"self":[{"href":"https:\/\/wolvify.com\/ca\/wp-json\/wp\/v2\/pages\/2220","targetHints":{"allow":["GET"]}}],"collection":[{"href":"https:\/\/wolvify.com\/ca\/wp-json\/wp\/v2\/pages"}],"about":[{"href":"https:\/\/wolvify.com\/ca\/wp-json\/wp\/v2\/types\/page"}],"author":[{"embeddable":true,"href":"https:\/\/wolvify.com\/ca\/wp-json\/wp\/v2\/users\/3"}],"replies":[{"embeddable":true,"href":"https:\/\/wolvify.com\/ca\/wp-json\/wp\/v2\/comments?post=2220"}],"version-history":[{"count":1,"href":"https:\/\/wolvify.com\/ca\/wp-json\/wp\/v2\/pages\/2220\/revisions"}],"predecessor-version":[{"id":2223,"href":"https:\/\/wolvify.com\/ca\/wp-json\/wp\/v2\/pages\/2220\/revisions\/2223"}],"wp:attachment":[{"href":"https:\/\/wolvify.com\/ca\/wp-json\/wp\/v2\/media?parent=2220"}],"curies":[{"name":"wp","href":"https:\/\/api.w.org\/{rel}","templated":true}]}}